{"id":9880,"date":"2025-08-02T16:31:22","date_gmt":"2025-08-02T16:31:22","guid":{"rendered":"https:\/\/7hyb.it\/rm-970-31\/"},"modified":"2025-12-01T09:23:03","modified_gmt":"2025-12-01T09:23:03","slug":"rm-970-31","status":"publish","type":"page","link":"https:\/\/7hyb.it\/en\/rm-970-31\/","title":{"rendered":"RM 970"},"content":{"rendered":"<p>Imbarcazione in condizioni eccellenti,  con pochissime ore di moto e sempre professionalmente mantenuta dal suo unico proprietario.<br \/>\nMolto completa la dotazione di bordo. Il motore \u00e8 maggiorato (30Hp) e grande attenzione \u00e8 stata dedicata alle comodit\u00e0 in crociera: spiccano il dissalatore Shenker, il bagno elettrico, l\u2019inverter e il bello stereo Fusion.<br \/>\nNon da meno la strumentazione elettronica Raymarine che comprende anche il radar e l\u2019AIS.<br \/>\nAnche la dotazione tecnica e velica \u00e8 di primordine: oltre alla randa e al genoa, troviamo una trinchetta, un Code 0 e un gennaker tutti su cavo antitorsione e frullino comodamente manovrabili da pozzetto. Le vele, in tessuto tecnico, sono state realizzate dalla rinomata veleria Velman.<br \/>\nRealizzati in compensato marino impregnato di resina epossidica, gli RM sono universalmente apprezzati per le loro doti marine e per la qualit\u00e0 costruttiva.<\/p>","protected":false},"excerpt":{"rendered":"<p>Imbarcazione in condizioni eccellenti, con pochissime ore di moto e sempre professionalmente mantenuta dal suo unico proprietario. Molto completa la dotazione di bordo. Il motore \u00e8<span class=\"excerpt-hellip\"> [\u2026]<\/span><\/p>","protected":false},"author":3,"featured_media":9849,"parent":0,"menu_order":0,"comment_status":"closed","ping_status":"closed","template":"templates\/boat-template.php","meta":{"_monsterinsights_skip_tracking":false,"_monsterinsights_sitenote_active":false,"_monsterinsights_sitenote_note":"","_monsterinsights_sitenote_category":0,"footnotes":""},"class_list":["post-9880","page","type-page","status-publish","has-post-thumbnail","hentry"],"_links":{"self":[{"href":"https:\/\/7hyb.it\/en\/wp-json\/wp\/v2\/pages\/9880","targetHints":{"allow":["GET"]}}],"collection":[{"href":"https:\/\/7hyb.it\/en\/wp-json\/wp\/v2\/pages"}],"about":[{"href":"https:\/\/7hyb.it\/en\/wp-json\/wp\/v2\/types\/page"}],"author":[{"embeddable":true,"href":"https:\/\/7hyb.it\/en\/wp-json\/wp\/v2\/users\/3"}],"replies":[{"embeddable":true,"href":"https:\/\/7hyb.it\/en\/wp-json\/wp\/v2\/comments?post=9880"}],"version-history":[{"count":1,"href":"https:\/\/7hyb.it\/en\/wp-json\/wp\/v2\/pages\/9880\/revisions"}],"predecessor-version":[{"id":10900,"href":"https:\/\/7hyb.it\/en\/wp-json\/wp\/v2\/pages\/9880\/revisions\/10900"}],"wp:featuredmedia":[{"embeddable":true,"href":"https:\/\/7hyb.it\/en\/wp-json\/wp\/v2\/media\/9849"}],"wp:attachment":[{"href":"https:\/\/7hyb.it\/en\/wp-json\/wp\/v2\/media?parent=9880"}],"curies":[{"name":"wp","href":"https:\/\/api.w.org\/{rel}","templated":true}]}}