{"id":8599,"date":"2025-06-27T16:06:17","date_gmt":"2025-06-27T16:06:17","guid":{"rendered":"https:\/\/7hyb.it\/?page_id=8599"},"modified":"2025-06-27T16:08:37","modified_gmt":"2025-06-27T16:08:37","slug":"grand-soleil-343-peter-pan","status":"publish","type":"page","link":"https:\/\/7hyb.it\/en\/about\/grand-soleil-343-peter-pan\/","title":{"rendered":"Grand Soleil 343 Peter Pan"},"content":{"rendered":"<div class=\"wpb-content-wrapper\"><div class=\"vc_row wpb_row vc_row-fluid\"><div class=\"wpb_column vc_column_container vc_col-sm-8\"><div class=\"vc_column-inner\"><div class=\"wpb_wrapper\">\n\t<div  class=\"wpb_single_image wpb_content_element vc_align_left wpb_content_element\">\n\t\t\n\t\t<figure class=\"wpb_wrapper vc_figure\">\n\t\t\t<div class=\"vc_single_image-wrapper   vc_box_border_grey\"><img loading=\"lazy\" decoding=\"async\" width=\"1403\" height=\"1052\" src=\"https:\/\/7hyb.it\/wp-content\/uploads\/2025\/06\/GS-343-1-1-rotated.jpg\" class=\"vc_single_image-img attachment-full\" alt=\"\" title=\"GS 343 1\" srcset=\"https:\/\/7hyb.it\/wp-content\/uploads\/2025\/06\/GS-343-1-1-rotated.jpg 1403w, https:\/\/7hyb.it\/wp-content\/uploads\/2025\/06\/GS-343-1-1-300x225.jpg 300w, https:\/\/7hyb.it\/wp-content\/uploads\/2025\/06\/GS-343-1-1-1024x768.jpg 1024w, https:\/\/7hyb.it\/wp-content\/uploads\/2025\/06\/GS-343-1-1-768x576.jpg 768w, https:\/\/7hyb.it\/wp-content\/uploads\/2025\/06\/GS-343-1-1-16x12.jpg 16w, https:\/\/7hyb.it\/wp-content\/uploads\/2025\/06\/GS-343-1-1-100x75.jpg 100w, https:\/\/7hyb.it\/wp-content\/uploads\/2025\/06\/GS-343-1-1-960x720.jpg 960w, https:\/\/7hyb.it\/wp-content\/uploads\/2025\/06\/GS-343-1-1-480x360.jpg 480w\" sizes=\"auto, (max-width:767px) 480px, (max-width:1403px) 100vw, 1403px\" \/><\/div>\n\t\t<\/figure>\n\t<\/div>\n<h3 style=\"text-align: left;font-family:Source Sans Pro;font-weight:400;font-style:normal\" class=\"vc_custom_heading vc_do_custom_heading\" >Grand Soleil 343 Peter Pan<\/h3><div class=\"vc_empty_space\"   style=\"height: 1px\"><span class=\"vc_empty_space_inner\"><\/span><\/div><h4 style=\"font-size: 15px;text-align: left;font-family:Source Sans Pro;font-weight:400;font-style:normal\" class=\"vc_custom_heading vc_do_custom_heading vc_custom_1751038542126\" >36.000 \u20ac | Lazio<\/h4>\n\t<div class=\"wpb_text_column wpb_content_element vc_custom_1751039090716\" >\n\t\t<div class=\"wpb_wrapper\">\n\t\t\t\n<table id=\"tablepress-389\" class=\"tablepress tablepress-id-389\">\n<tbody class=\"row-striping row-hover\">\n<tr class=\"row-1\">\n\t<td class=\"column-1\">Builder<\/td><td class=\"column-2\">Cantiere del Pardo<br \/>\n<\/td><td class=\"column-3\">Pescaggio<\/td><td class=\"column-4\">1,80 m<\/td>\n<\/tr>\n<tr class=\"row-2\">\n\t<td class=\"column-1\">Anno<\/td><td class=\"column-2\">1987<\/td><td class=\"column-3\">Colore Scafo<\/td><td class=\"column-4\">Bianco<\/td>\n<\/tr>\n<tr class=\"row-3\">\n\t<td class=\"column-1\">Design<\/td><td class=\"column-2\">Jezquel<\/td><td class=\"column-3\">Bandiera<\/td><td class=\"column-4\">Italiana<\/td>\n<\/tr>\n<tr class=\"row-4\">\n\t<td class=\"column-1\">Lunghezza<\/td><td class=\"column-2\">10,40 mt<\/td><td class=\"column-3\">Prezzo<\/td><td class=\"column-4\">36.000 \u20ac <\/td>\n<\/tr>\n<tr class=\"row-5\">\n\t<td class=\"column-1\">Larghezza<\/td><td class=\"column-2\">3,42 m<\/td><td class=\"column-3\">Location <\/td><td class=\"column-4\">Lazio<\/td>\n<\/tr>\n<tr class=\"row-6\">\n\t<td class=\"column-1\">Dislocamento<\/td><td class=\"column-2\">5100 Kg<\/td><td class=\"column-3\">Scad. Cert. Sicurezza<\/td><td class=\"column-4\">2027<\/td>\n<\/tr>\n<\/tbody>\n<\/table>\n<!-- #tablepress-389 from cache -->\n\n\t\t<\/div>\n\t<\/div>\n<div class=\"vc_row wpb_row vc_inner vc_row-fluid vc_custom_1590916889865\"><div class=\"wpb_column vc_column_container vc_col-sm-6\"><div class=\"vc_column-inner\"><div class=\"wpb_wrapper\"><div class=\"vc_btn3-container vc_btn3-center vc_do_btn\" ><a class=\"vc_general vc_btn3 vc_btn3-size-sm vc_btn3-shape-rounded vc_btn3-style-classic vc_btn3-icon-left vc_btn3-color-grey\" href=\"https:\/\/7hyb.it\/wp-content\/uploads\/2025\/06\/Scheda-tecnica-GS-343-Peter-Pan-1.pdf\" title=\"Grand Soleil 343\" target=\"_blank\"><i class=\"vc_btn3-icon\"><\/i> Download Scheda<\/a><\/div><\/div><\/div><\/div><div class=\"wpb_column vc_column_container vc_col-sm-6\"><div class=\"vc_column-inner\"><div class=\"wpb_wrapper\"><div class=\"vc_btn3-container vc_btn3-center vc_do_btn\" ><a class=\"vc_general vc_btn3 vc_btn3-size-sm vc_btn3-shape-rounded vc_btn3-style-classic vc_btn3-color-danger\" href=\"http:\/\/7hyb.it\/en\/contatti\/\" title=\"\" target=\"_blank\">Richiedi Informazioni<\/a><\/div><\/div><\/div><\/div><\/div><\/div><\/div><\/div><div class=\"wpb_column vc_column_container vc_col-sm-4\"><div class=\"vc_column-inner\"><div class=\"wpb_wrapper\">\n<div class=\"vc_grid-container-wrapper vc_clearfix vc_grid-animation-fadeIn\">\n\t<div class=\"vc_grid-container vc_clearfix wpb_content_element vc_media_grid\" data-initial-loading-animation=\"fadeIn\" data-vc-grid-settings=\"{&quot;page_id&quot;:8599,&quot;style&quot;:&quot;all&quot;,&quot;action&quot;:&quot;vc_get_vc_grid_data&quot;,&quot;shortcode_id&quot;:&quot;1751038398062-1807769efe9c0581315442f69ca9974a-7&quot;,&quot;tag&quot;:&quot;vc_media_grid&quot;}\" data-vc-request=\"https:\/\/7hyb.it\/wp-admin\/admin-ajax.php\" data-vc-post-id=\"8599\" data-vc-public-nonce=\"c83b0676df\">\n\t\t\n\t<\/div>\n<\/div><\/div><\/div><\/div><\/div><div class=\"vc_row wpb_row vc_row-fluid vc_custom_1590940066838 vc_row-has-fill\"><div class=\"wpb_column vc_column_container vc_col-sm-12\"><div class=\"vc_column-inner\"><div class=\"wpb_wrapper\">\n\t<div class=\"wpb_text_column wpb_content_element\" >\n\t\t<div class=\"wpb_wrapper\">\n\t\t\t<p>Imbarcazione armatoriale in buone condizioni generali.<\/p>\n<p>Gli interni disegnati da Patrick Roseo e realizzati dai maestri d\u2019ascia del CdP in splendido massello di teak sono molto belli e ben conservati. Le tappezzerie originali sono anch\u2019esse in condizioni fuori dal comune.<\/p>\n<p>Sei un amante del Grand Soleil 343 e ne vuoi uno ben manutenuto ad un prezzo \u00abgiusto\u00bb? Allor a Peter Pan \u00e8 l\u2019imbarcazione che fa per te!<\/p>\n<p>Il Grand Soleil 343 \u00e8 uno dei modelli pi\u00f9 riusciti del Cantiere di Forl\u00ec, e rappresenta ancora\u00a0 oggi una barca veramente di culto.<\/p>\n\n\t\t<\/div>\n\t<\/div>\n<\/div><\/div><\/div><\/div><div class=\"vc_row wpb_row vc_row-fluid\"><div class=\"wpb_column vc_column_container vc_col-sm-6\"><div class=\"vc_column-inner\"><div class=\"wpb_wrapper\"><h2 style=\"font-size: 22px;text-align: center;font-family:Source Sans Pro;font-weight:400;font-style:normal\" class=\"vc_custom_heading vc_do_custom_heading\" >Motorizzazione<\/h2>\n\t<div class=\"wpb_text_column wpb_content_element\" >\n\t\t<div class=\"wpb_wrapper\">\n\t\t\t\n<table id=\"tablepress-388\" class=\"tablepress tablepress-id-388\">\n<tbody class=\"row-striping row-hover\">\n<tr class=\"row-1\">\n\t<td class=\"column-1\">Motore<\/td><td class=\"column-2\">Volvo Penta 2003\/130S<\/td>\n<\/tr>\n<tr class=\"row-2\">\n\t<td class=\"column-1\">Potenza<\/td><td class=\"column-2\">28 HP<\/td>\n<\/tr>\n<tr class=\"row-3\">\n\t<td class=\"column-1\">Ore lavoro<\/td><td class=\"column-2\">2117<\/td>\n<\/tr>\n<tr class=\"row-4\">\n\t<td class=\"column-1\">Trasmissione<\/td><td class=\"column-2\">S-drive<br \/>\n<\/td>\n<\/tr>\n<tr class=\"row-5\">\n\t<td class=\"column-1\">Elica<\/td><td class=\"column-2\">2 pale abbattibili <\/td>\n<\/tr>\n<\/tbody>\n<\/table>\n<!-- #tablepress-388 from cache -->\n\n\t\t<\/div>\n\t<\/div>\n<\/div><\/div><\/div><div class=\"wpb_column vc_column_container vc_col-sm-6\"><div class=\"vc_column-inner\"><div class=\"wpb_wrapper\"><h2 style=\"font-size: 22px;text-align: center;font-family:Source Sans Pro;font-weight:400;font-style:normal\" class=\"vc_custom_heading vc_do_custom_heading\" >Disposizione<\/h2>\n\t<div class=\"wpb_text_column wpb_content_element\" >\n\t\t<div class=\"wpb_wrapper\">\n\t\t\t\n<table id=\"tablepress-390\" class=\"tablepress tablepress-id-390\">\n<tbody class=\"row-striping row-hover\">\n<tr class=\"row-1\">\n\t<td class=\"column-1\">Cabine<\/td><td class=\"column-2\">2<\/td>\n<\/tr>\n<tr class=\"row-2\">\n\t<td class=\"column-1\">Posti Letto<\/td><td class=\"column-2\">4+3<\/td>\n<\/tr>\n<tr class=\"row-3\">\n\t<td class=\"column-1\">Bagni<\/td><td class=\"column-2\">1<\/td>\n<\/tr>\n<tr class=\"row-4\">\n\t<td class=\"column-1\">Calavela<\/td><td class=\"column-2\">-<\/td>\n<\/tr>\n<tr class=\"row-5\">\n\t<td class=\"column-1\">Cabina marinaio<\/td><td class=\"column-2\">-<\/td>\n<\/tr>\n<\/tbody>\n<\/table>\n<!-- #tablepress-390 from cache -->\n\n\t\t<\/div>\n\t<\/div>\n<\/div><\/div><\/div><\/div><div class=\"vc_row wpb_row vc_row-fluid\"><div class=\"wpb_column vc_column_container vc_col-sm-12\"><div class=\"vc_column-inner\"><div class=\"wpb_wrapper\"><h2 style=\"font-size: 20px;text-align: left;font-family:Source Sans Pro;font-weight:400;font-style:normal\" class=\"vc_custom_heading vc_do_custom_heading\" >Interni e Comfort<\/h2><\/div><\/div><\/div><\/div><div class=\"vc_row wpb_row vc_row-fluid\"><div class=\"wpb_column vc_column_container vc_col-sm-6\"><div class=\"vc_column-inner\"><div class=\"wpb_wrapper\">\n\t<div class=\"wpb_text_column wpb_content_element\" >\n\t\t<div class=\"wpb_wrapper\">\n\t\t\t<ul>\n<li><b>Interni in Teak del SIAM<\/b><\/li>\n<li><b>Paioli in teak con fughe chiare in acero<\/b><\/li>\n<li><b>Versione 2 cabine e 1 bagno<\/b><\/li>\n<li><b>Frigo a pozzetto <\/b><b>elettrico <\/b><\/li>\n<li><b>Cucina a 3 fuochi con forno <\/b><b>Techimpex<\/b><\/li>\n<li><b>Doppio lavello inox con coperture in legno<\/b><\/li>\n<li><b>Autoclave<\/b><\/li>\n<li><b>Pompa acqua dolce a pedale in cucina e bagno<\/b><\/li>\n<li><b>WC con pompa manuale <\/b><b>Jabsco<\/b><b> nuova<\/b><\/li>\n<\/ul>\n\n\t\t<\/div>\n\t<\/div>\n<\/div><\/div><\/div><div class=\"wpb_column vc_column_container vc_col-sm-6\"><div class=\"vc_column-inner\"><div class=\"wpb_wrapper\">\n\t<div class=\"wpb_text_column wpb_content_element\" >\n\t\t<div class=\"wpb_wrapper\">\n\t\t\t<ul>\n<li><b>Carica batterie Quick SBC250NGR+ 25Ah nuovo 2022<\/b><\/li>\n<li><b>1 batteria servizi 100Ah + 1 motore 100Ah<\/b><\/li>\n<li><b>Prese 220V in <\/b><b>dinette<\/b><b> e gavone di poppa<\/b><\/li>\n<li><b>Serbatoio acqua da 155 litri<\/b><\/li>\n<li><b>Serbatoio gasolio inox da 70 lt<\/b><\/li>\n<li><b>Stereo Pioneer KEH-P5400 e 2 altoparlanti Pioneer in <\/b><b>dinette<\/b><\/li>\n<li><b>Barometrico <\/b><b>Barigo<\/b><\/li>\n<li><b>Pompa di sentina elettrica e manuale<\/b><\/li>\n<\/ul>\n\n\t\t<\/div>\n\t<\/div>\n<\/div><\/div><\/div><\/div><div class=\"vc_row wpb_row vc_row-fluid\"><div class=\"wpb_column vc_column_container vc_col-sm-12\"><div class=\"vc_column-inner\"><div class=\"wpb_wrapper\"><h2 style=\"font-size: 20px;text-align: left;font-family:Source Sans Pro;font-weight:400;font-style:normal\" class=\"vc_custom_heading vc_do_custom_heading\" >Strumenti e Elettronica<\/h2><\/div><\/div><\/div><\/div><div class=\"vc_row wpb_row vc_row-fluid\"><div class=\"wpb_column vc_column_container vc_col-sm-6\"><div class=\"vc_column-inner\"><div class=\"wpb_wrapper\">\n\t<div class=\"wpb_text_column wpb_content_element\" >\n\t\t<div class=\"wpb_wrapper\">\n\t\t\t<ul>\n<li><b>2 bussole Suunto B-110<\/b><\/li>\n<li><b>Eco <\/b><b>Raymarine<\/b><b> ST 40 Depth<\/b><\/li>\n<li><b>Vento <\/b><b>Raymarine<\/b><b> i60 wind<\/b><\/li>\n<\/ul>\n\n\t\t<\/div>\n\t<\/div>\n<\/div><\/div><\/div><div class=\"wpb_column vc_column_container vc_col-sm-6\"><div class=\"vc_column-inner\"><div class=\"wpb_wrapper\">\n\t<div class=\"wpb_text_column wpb_content_element\" >\n\t\t<div class=\"wpb_wrapper\">\n\t\t\t<ul>\n<li><b>VHF <\/b><b>Skanti<\/b><b> VHF 3000 pi\u00f9 portatile<\/b><\/li>\n<li><b>Pilota automatico a pistone <\/b><b>Autohelm<\/b><b> ST2000<\/b><\/li>\n<li><b>Windex<\/b><\/li>\n<\/ul>\n\n\t\t<\/div>\n\t<\/div>\n<\/div><\/div><\/div><\/div><div class=\"vc_row wpb_row vc_row-fluid\"><div class=\"wpb_column vc_column_container vc_col-sm-12\"><div class=\"vc_column-inner\"><div class=\"wpb_wrapper\"><h2 style=\"font-size: 20px;text-align: left;font-family:Source Sans Pro;font-weight:400;font-style:normal\" class=\"vc_custom_heading vc_do_custom_heading\" >Accessori e Sicurezza<\/h2><\/div><\/div><\/div><\/div><div class=\"vc_row wpb_row vc_row-fluid\"><div class=\"wpb_column vc_column_container vc_col-sm-6\"><div class=\"vc_column-inner\"><div class=\"wpb_wrapper\">\n\t<div class=\"wpb_text_column wpb_content_element\" >\n\t\t<div class=\"wpb_wrapper\">\n\t\t\t<ul>\n<li><b>Timone a barra con stick <\/b><b>Spinlock<\/b><b> con maniglia <\/b><\/li>\n<li><b>Tendalino <\/b><\/li>\n<li><b>Tavolo pozzetto amovibile in carabottino di teak<\/b><\/li>\n<li><b>Doccia in pozzetto <\/b><\/li>\n<li><b>Salpancore<\/b><b> elettrico <\/b><b>Lofrans<\/b><\/li>\n<li><b>Ancora Bruce pi\u00f9 seconda di rispetto<\/b><\/li>\n<li><b> 40 <\/b><b>mt di catena <\/b><b>8 mm<\/b><\/li>\n<\/ul>\n\n\t\t<\/div>\n\t<\/div>\n<\/div><\/div><\/div><div class=\"wpb_column vc_column_container vc_col-sm-6\"><div class=\"vc_column-inner\"><div class=\"wpb_wrapper\">\n\t<div class=\"wpb_text_column wpb_content_element\" >\n\t\t<div class=\"wpb_wrapper\">\n\t\t\t<ul>\n<li><b>6 Parabordi <\/b><\/li>\n<li><b>4 Cime ormeggio <\/b><\/li>\n<li><b>Zattera autogonfiabile da revisionare<\/b><\/li>\n<li><b>Dotazioni sicurezza parziali<\/b><\/li>\n<li><b>Passerella inox e teak<\/b><\/li>\n<li><b>Scaletta da bagno inox su specchio di poppa<\/b><\/li>\n<\/ul>\n\n\t\t<\/div>\n\t<\/div>\n<\/div><\/div><\/div><\/div><div class=\"vc_row wpb_row vc_row-fluid\"><div class=\"wpb_column vc_column_container vc_col-sm-12\"><div class=\"vc_column-inner\"><div class=\"wpb_wrapper\"><h2 style=\"font-size: 20px;text-align: left;font-family:Source Sans Pro;font-weight:400;font-style:normal\" class=\"vc_custom_heading vc_do_custom_heading\" >Esterni e Armo<\/h2><\/div><\/div><\/div><\/div><div class=\"vc_row wpb_row vc_row-fluid\"><div class=\"wpb_column vc_column_container vc_col-sm-6\"><div class=\"vc_column-inner\"><div class=\"wpb_wrapper\">\n\t<div class=\"wpb_text_column wpb_content_element\" >\n\t\t<div class=\"wpb_wrapper\">\n\t\t\t<ul>\n<li><b>Pozzetto in teak <\/b><\/li>\n<li><b>Panche e paramare in teak<\/b><\/li>\n<li><b>Albero <\/b><b>Sparcraft<\/b><b> a 2 ordini di crocette<\/b><\/li>\n<li><b>Sartiame spiroidale <\/b><\/li>\n<li><b>Volanti non strutturali<\/b><\/li>\n<li><b>Avvolgifiocco <\/b><\/li>\n<li><b>Trasto in pozzetto<\/b><\/li>\n<li><b>Carrelli genoa regolabili da pozzetto<\/b><\/li>\n<li><b>Tendipaterazzo<\/b><b> meccanico<\/b><\/li>\n<li><b>Vang<\/b><b> rigido <\/b><b>Bamar<\/b><\/li>\n<li><b>Lazy<\/b><b> jack<\/b><\/li>\n<\/ul>\n\n\t\t<\/div>\n\t<\/div>\n<\/div><\/div><\/div><div class=\"wpb_column vc_column_container vc_col-sm-6\"><div class=\"vc_column-inner\"><div class=\"wpb_wrapper\">\n\t<div class=\"wpb_text_column wpb_content_element\" >\n\t\t<div class=\"wpb_wrapper\">\n\t\t\t<ul>\n<li><b>2 winch <\/b><b>Lewmar<\/b><b> 43 self <\/b><b>tailing<\/b><b> su paramare <\/b><\/li>\n<li><b>2 winch <\/b><b>Lewmar<\/b><b> 24 in tuga <\/b><\/li>\n<li><b>2 winch <\/b><b>Lewmar<\/b><b> 8 all\u2019albero <\/b><\/li>\n<li><b>Tangone<\/b><\/li>\n<\/ul>\n<p><b>\u00a0<\/b><\/p>\n<p><b>VELE<\/b><\/p>\n<ul>\n<li><b>Randa in <\/b><b>Pentex<\/b><b> 2010<\/b><\/li>\n<li><b>Genoa in <\/b><b>Pentex<\/b><b> 2010<\/b><\/li>\n<li><b>Spinnaker <\/b><\/li>\n<\/ul>\n\n\t\t<\/div>\n\t<\/div>\n<\/div><\/div><\/div><\/div><div class=\"vc_row wpb_row vc_row-fluid\"><div class=\"wpb_column vc_column_container vc_col-sm-12\"><div class=\"vc_column-inner\"><div class=\"wpb_wrapper\"><\/div><\/div><\/div><\/div>\n<\/div>","protected":false},"excerpt":{"rendered":"Grand Soleil 343 Peter Pan36.000 \u20ac | Lazio CantiereCantiere del Pardo Pescaggio1,80 m Anno1987Colore ScafoBianco DesignJezquelBandieraItaliana Lunghezza10,40 mtPrezzo36.000 \u20ac Larghezza3,42 mVisibile a Lazio Dislocamento5100 KgScad. Cert.<span class=\"excerpt-hellip\"> [\u2026]<\/span>","protected":false},"author":2,"featured_media":8575,"parent":135,"menu_order":0,"comment_status":"closed","ping_status":"closed","template":"","meta":{"_monsterinsights_skip_tracking":false,"_monsterinsights_sitenote_active":false,"_monsterinsights_sitenote_note":"","_monsterinsights_sitenote_category":0,"footnotes":""},"class_list":["post-8599","page","type-page","status-publish","has-post-thumbnail","hentry"],"_links":{"self":[{"href":"https:\/\/7hyb.it\/en\/wp-json\/wp\/v2\/pages\/8599","targetHints":{"allow":["GET"]}}],"collection":[{"href":"https:\/\/7hyb.it\/en\/wp-json\/wp\/v2\/pages"}],"about":[{"href":"https:\/\/7hyb.it\/en\/wp-json\/wp\/v2\/types\/page"}],"author":[{"embeddable":true,"href":"https:\/\/7hyb.it\/en\/wp-json\/wp\/v2\/users\/2"}],"replies":[{"embeddable":true,"href":"https:\/\/7hyb.it\/en\/wp-json\/wp\/v2\/comments?post=8599"}],"version-history":[{"count":4,"href":"https:\/\/7hyb.it\/en\/wp-json\/wp\/v2\/pages\/8599\/revisions"}],"predecessor-version":[{"id":8618,"href":"https:\/\/7hyb.it\/en\/wp-json\/wp\/v2\/pages\/8599\/revisions\/8618"}],"up":[{"embeddable":true,"href":"https:\/\/7hyb.it\/en\/wp-json\/wp\/v2\/pages\/135"}],"wp:featuredmedia":[{"embeddable":true,"href":"https:\/\/7hyb.it\/en\/wp-json\/wp\/v2\/media\/8575"}],"wp:attachment":[{"href":"https:\/\/7hyb.it\/en\/wp-json\/wp\/v2\/media?parent=8599"}],"curies":[{"name":"wp","href":"https:\/\/api.w.org\/{rel}","templated":true}]}}