{"id":5609,"date":"2023-11-30T19:28:19","date_gmt":"2023-11-30T19:28:19","guid":{"rendered":"https:\/\/7hyb.it\/?page_id=5609"},"modified":"2023-11-30T19:28:19","modified_gmt":"2023-11-30T19:28:19","slug":"apreamare-48","status":"publish","type":"page","link":"https:\/\/7hyb.it\/en\/about\/apreamare-48\/","title":{"rendered":"Apreamare 48"},"content":{"rendered":"<div class=\"wpb-content-wrapper\"><div class=\"vc_row wpb_row vc_row-fluid\"><div class=\"wpb_column vc_column_container vc_col-sm-8\"><div class=\"vc_column-inner\"><div class=\"wpb_wrapper\">\n\t<div  class=\"wpb_single_image wpb_content_element vc_align_left wpb_content_element\">\n\t\t\n\t\t<figure class=\"wpb_wrapper vc_figure\">\n\t\t\t<div class=\"vc_single_image-wrapper   vc_box_border_grey\"><img loading=\"lazy\" decoding=\"async\" width=\"1378\" height=\"1034\" src=\"https:\/\/7hyb.it\/wp-content\/uploads\/2023\/11\/1-3.jpg\" class=\"vc_single_image-img attachment-full\" alt=\"\" title=\"1\" srcset=\"https:\/\/7hyb.it\/wp-content\/uploads\/2023\/11\/1-3.jpg 1378w, https:\/\/7hyb.it\/wp-content\/uploads\/2023\/11\/1-3-300x225.jpg 300w, https:\/\/7hyb.it\/wp-content\/uploads\/2023\/11\/1-3-1024x768.jpg 1024w, https:\/\/7hyb.it\/wp-content\/uploads\/2023\/11\/1-3-768x576.jpg 768w, https:\/\/7hyb.it\/wp-content\/uploads\/2023\/11\/1-3-195x146.jpg 195w, https:\/\/7hyb.it\/wp-content\/uploads\/2023\/11\/1-3-50x38.jpg 50w, https:\/\/7hyb.it\/wp-content\/uploads\/2023\/11\/1-3-100x75.jpg 100w, https:\/\/7hyb.it\/wp-content\/uploads\/2023\/11\/1-3-960x720.jpg 960w\" sizes=\"auto, (max-width:767px) 480px, (max-width:1378px) 100vw, 1378px\" \/><\/div>\n\t\t<\/figure>\n\t<\/div>\n<h3 style=\"text-align: left;font-family:Source Sans Pro;font-weight:400;font-style:normal\" class=\"vc_custom_heading vc_do_custom_heading\" >Apreamare 48<\/h3><h4 style=\"font-size: 15px;text-align: left;font-family:Source Sans Pro;font-weight:400;font-style:normal\" class=\"vc_custom_heading vc_do_custom_heading vc_custom_1701370912543\" >360.000 \u20ac | Campania<\/h4>\n\t<div class=\"wpb_text_column wpb_content_element vc_custom_1701372407448\" >\n\t\t<div class=\"wpb_wrapper\">\n\t\t\t\n<table id=\"tablepress-218\" class=\"tablepress tablepress-id-218\">\n<tbody class=\"row-striping row-hover\">\n<tr class=\"row-1\">\n\t<td class=\"column-1\">Builder<\/td><td class=\"column-2\">Apreamare<\/td><td class=\"column-3\">Pescaggio<\/td><td class=\"column-4\">1,43 m<\/td>\n<\/tr>\n<tr class=\"row-2\">\n\t<td class=\"column-1\">Anno<\/td><td class=\"column-2\">2006 imm. 2007<\/td><td class=\"column-3\">Colore Scafo<\/td><td class=\"column-4\">Blu<\/td>\n<\/tr>\n<tr class=\"row-3\">\n\t<td class=\"column-1\">Design<\/td><td class=\"column-2\">Victory Design<\/td><td class=\"column-3\">Bandiera<\/td><td class=\"column-4\">Italiana<\/td>\n<\/tr>\n<tr class=\"row-4\">\n\t<td class=\"column-1\">Lunghezza<\/td><td class=\"column-2\">13,21 m<\/td><td class=\"column-3\">Prezzo<\/td><td class=\"column-4\">\u20ac 360.000<\/td>\n<\/tr>\n<tr class=\"row-5\">\n\t<td class=\"column-1\">Larghezza<\/td><td class=\"column-2\">4,70 m<\/td><td class=\"column-3\">Location <\/td><td class=\"column-4\">Campania<\/td>\n<\/tr>\n<tr class=\"row-6\">\n\t<td class=\"column-1\">Dislocamento<\/td><td class=\"column-2\">17\/22 ton<\/td><td class=\"column-3\"><\/td><td class=\"column-4\"><\/td>\n<\/tr>\n<\/tbody>\n<\/table>\n<!-- #tablepress-218 from cache -->\n\n\t\t<\/div>\n\t<\/div>\n<div class=\"vc_row wpb_row vc_inner vc_row-fluid vc_custom_1590916889865\"><div class=\"wpb_column vc_column_container vc_col-sm-6\"><div class=\"vc_column-inner\"><div class=\"wpb_wrapper\"><div class=\"vc_btn3-container vc_btn3-center vc_do_btn\" ><a class=\"vc_general vc_btn3 vc_btn3-size-sm vc_btn3-shape-rounded vc_btn3-style-classic vc_btn3-icon-left vc_btn3-color-grey\" href=\"https:\/\/7hyb.it\/wp-content\/uploads\/2023\/11\/Scheda-tecnica-Apreamare-48.pdf\" title=\"Blu Martin Sea Top 13.90\" target=\"_blank\"><i class=\"vc_btn3-icon\"><\/i> Download Scheda<\/a><\/div><\/div><\/div><\/div><div class=\"wpb_column vc_column_container vc_col-sm-6\"><div class=\"vc_column-inner\"><div class=\"wpb_wrapper\"><div class=\"vc_btn3-container vc_btn3-center vc_do_btn\" ><a class=\"vc_general vc_btn3 vc_btn3-size-sm vc_btn3-shape-rounded vc_btn3-style-classic vc_btn3-color-danger\" href=\"http:\/\/7hyb.it\/en\/contatti\/\" title=\"\" target=\"_blank\">Richiedi Informazioni<\/a><\/div><\/div><\/div><\/div><\/div><\/div><\/div><\/div><div class=\"wpb_column vc_column_container vc_col-sm-4\"><div class=\"vc_column-inner\"><div class=\"wpb_wrapper\">\n<div class=\"vc_grid-container-wrapper vc_clearfix vc_grid-animation-fadeIn\">\n\t<div class=\"vc_grid-container vc_clearfix wpb_content_element vc_media_grid\" data-initial-loading-animation=\"fadeIn\" data-vc-grid-settings=\"{&quot;page_id&quot;:5609,&quot;style&quot;:&quot;all&quot;,&quot;action&quot;:&quot;vc_get_vc_grid_data&quot;,&quot;shortcode_id&quot;:&quot;1701370752070-de4a16bd8088bcd33df0b1a2fb06e92e-1&quot;,&quot;tag&quot;:&quot;vc_media_grid&quot;}\" data-vc-request=\"https:\/\/7hyb.it\/wp-admin\/admin-ajax.php\" data-vc-post-id=\"5609\" data-vc-public-nonce=\"463009fc35\">\n\t\t\n\t<\/div>\n<\/div>\n<div class=\"vc_grid-container-wrapper vc_clearfix vc_grid-animation-fadeIn\">\n\t<div class=\"vc_grid-container vc_clearfix wpb_content_element vc_media_grid\" data-initial-loading-animation=\"fadeIn\" data-vc-grid-settings=\"{&quot;page_id&quot;:5609,&quot;style&quot;:&quot;all&quot;,&quot;action&quot;:&quot;vc_get_vc_grid_data&quot;,&quot;shortcode_id&quot;:&quot;1701370752078-da4c213948824b42735d663409603bb4-1&quot;,&quot;tag&quot;:&quot;vc_media_grid&quot;}\" data-vc-request=\"https:\/\/7hyb.it\/wp-admin\/admin-ajax.php\" data-vc-post-id=\"5609\" data-vc-public-nonce=\"463009fc35\">\n\t\t\n\t<\/div>\n<\/div><\/div><\/div><\/div><\/div><div class=\"vc_row wpb_row vc_row-fluid vc_custom_1590940066838 vc_row-has-fill\"><div class=\"wpb_column vc_column_container vc_col-sm-12\"><div class=\"vc_column-inner\"><div class=\"wpb_wrapper\">\n\t<div class=\"wpb_text_column wpb_content_element\" >\n\t\t<div class=\"wpb_wrapper\">\n\t\t\t<p>Imbarcazione unipro sempre seguita e manutenuta dal suo proprietario.\u00a0 Versione 3 cabine e due bagni, con la armatoriale a prua e il bagno en suite. Il comfort a bordo \u00e8 assicurato dalla climatizzazione caldo\/freddo con compressore in sala macchine e\u00a0 fan coil in ogni cabina e dal generatore Mase. Iconica la distribuzione degli spazi esterni, con l\u2019armonia del divano e del prendisole a prua e l\u2019ampiezza del pozzetto a poppa circondato dal sinuoso divano.<\/p>\n<p>Ben equipaggiata con i suoi due motori Volvo Penta D9 575, risulta facile da condurre grazie alle manette elettroniche e all\u2019elica di prua. Proverbiale la tenuta di mare di questa celebratissima carena che supera con facilit\u00e0 i 30 nodi e plana gi\u00e0 intorno ai 15, con una velocit\u00e0 di crociera oltre i 20.<\/p>\n<p>L\u2019imbarcazione si presenta in condizioni eccellenti e rappresenta una autentica occasione.<\/p>\n\n\t\t<\/div>\n\t<\/div>\n<\/div><\/div><\/div><\/div><div class=\"vc_row wpb_row vc_row-fluid\"><div class=\"wpb_column vc_column_container vc_col-sm-6\"><div class=\"vc_column-inner\"><div class=\"wpb_wrapper\"><h2 style=\"font-size: 22px;text-align: center;font-family:Source Sans Pro;font-weight:400;font-style:normal\" class=\"vc_custom_heading vc_do_custom_heading\" >Motorizzazione<\/h2>\n\t<div class=\"wpb_text_column wpb_content_element\" >\n\t\t<div class=\"wpb_wrapper\">\n\t\t\t\n<table id=\"tablepress-219\" class=\"tablepress tablepress-id-219\">\n<tbody class=\"row-striping row-hover\">\n<tr class=\"row-1\">\n\t<td class=\"column-1\">Motore<\/td><td class=\"column-2\">2 X Volvo Penta D9-575 in diretta<br \/>\n<br \/>\n<br \/>\n<br \/>\n<br \/>\n<\/td>\n<\/tr>\n<tr class=\"row-2\">\n\t<td class=\"column-1\">Potenza<\/td><td class=\"column-2\">2 X 575 HP<\/td>\n<\/tr>\n<tr class=\"row-3\">\n\t<td class=\"column-1\">Ore lavoro<\/td><td class=\"column-2\">1800<\/td>\n<\/tr>\n<tr class=\"row-4\">\n\t<td class=\"column-1\">Trasmissione<\/td><td class=\"column-2\">Linea d'asse<\/td>\n<\/tr>\n<tr class=\"row-5\">\n\t<td class=\"column-1\"><\/td><td class=\"column-2\"><\/td>\n<\/tr>\n<\/tbody>\n<\/table>\n<!-- #tablepress-219 from cache -->\n\n\t\t<\/div>\n\t<\/div>\n<\/div><\/div><\/div><div class=\"wpb_column vc_column_container vc_col-sm-6\"><div class=\"vc_column-inner\"><div class=\"wpb_wrapper\"><h2 style=\"font-size: 22px;text-align: center;font-family:Source Sans Pro;font-weight:400;font-style:normal\" class=\"vc_custom_heading vc_do_custom_heading\" >Disposizione<\/h2>\n\t<div class=\"wpb_text_column wpb_content_element\" >\n\t\t<div class=\"wpb_wrapper\">\n\t\t\t\n<table id=\"tablepress-220\" class=\"tablepress tablepress-id-220\">\n<tbody class=\"row-striping row-hover\">\n<tr class=\"row-1\">\n\t<td class=\"column-1\">Cabine<\/td><td class=\"column-2\">3<\/td>\n<\/tr>\n<tr class=\"row-2\">\n\t<td class=\"column-1\">Posti Letto<\/td><td class=\"column-2\">6<\/td>\n<\/tr>\n<tr class=\"row-3\">\n\t<td class=\"column-1\">Bagni<\/td><td class=\"column-2\">2 <\/td>\n<\/tr>\n<tr class=\"row-4\">\n\t<td class=\"column-1\">Garage Tender<\/td><td class=\"column-2\">-<\/td>\n<\/tr>\n<tr class=\"row-5\">\n\t<td class=\"column-1\"><\/td><td class=\"column-2\"><\/td>\n<\/tr>\n<\/tbody>\n<\/table>\n<!-- #tablepress-220 from cache -->\n\n\t\t<\/div>\n\t<\/div>\n<\/div><\/div><\/div><\/div><div class=\"vc_row wpb_row vc_row-fluid\"><div class=\"wpb_column vc_column_container vc_col-sm-12\"><div class=\"vc_column-inner\"><div class=\"wpb_wrapper\"><h2 style=\"font-size: 20px;text-align: left;font-family:Source Sans Pro;font-weight:400;font-style:normal\" class=\"vc_custom_heading vc_do_custom_heading\" >Interni e Comfort<\/h2><\/div><\/div><\/div><\/div><div class=\"vc_row wpb_row vc_row-fluid\"><div class=\"wpb_column vc_column_container vc_col-sm-6\"><div class=\"vc_column-inner\"><div class=\"wpb_wrapper\">\n\t<div class=\"wpb_text_column wpb_content_element\" >\n\t\t<div class=\"wpb_wrapper\">\n\t\t\t<ul>\n<li><b>Interni in mogano <\/b><\/li>\n<li><b>Paiolato<\/b><b> in teak in <\/b><b>dinette<\/b><b> e mogano nelle cabine<\/b><\/li>\n<li><b>2 bagni con wc elettrici e box doccia separato<\/b><\/li>\n<li><b>Cucina interna con doppio lavello inox, piano cottura a <\/b><b>induzione<\/b><b> e forno elettrico<\/b><\/li>\n<li><b>Frigorifero ad apertura frontale con congelatore<\/b><\/li>\n<li><b>Secondo frigo ad apertura frontale in <\/b><b>dinette<\/b><\/li>\n<li><b>Batterie nuove 2023 180 Ah<\/b><\/li>\n<li><b>Stereo Sony con altoparlanti in dinette, cabina di prua e su prendisole<\/b><\/li>\n<\/ul>\n\n\t\t<\/div>\n\t<\/div>\n<\/div><\/div><\/div><div class=\"wpb_column vc_column_container vc_col-sm-6\"><div class=\"vc_column-inner\"><div class=\"wpb_wrapper\">\n\t<div class=\"wpb_text_column wpb_content_element\" >\n\t\t<div class=\"wpb_wrapper\">\n\t\t\t<ul>\n<li><b>Aria condizionata caldo\/freddo con compressore in sala macchine e fan coil in ogni ambiente<\/b><\/li>\n<li><b>Serbatoio acqua 430 lt<\/b><\/li>\n<li><b>Impianto acque nere nei WC con maceratore<\/b><\/li>\n<li><b>Serbatoio carburante 1800 lt<\/b><\/li>\n<li><b>Caricabatterie <\/b><b>Mastervolt<\/b><b> MAS 24\/75<\/b><\/li>\n<li><b>Generatore <\/b><b>Mase<\/b><\/li>\n<li><b>doccetta esterna caldo\/fredda a poppa e a prua<\/b><\/li>\n<li><b>Cassaforte in cabina di prua<\/b><\/li>\n<\/ul>\n\n\t\t<\/div>\n\t<\/div>\n<\/div><\/div><\/div><\/div><div class=\"vc_row wpb_row vc_row-fluid\"><div class=\"wpb_column vc_column_container vc_col-sm-12\"><div class=\"vc_column-inner\"><div class=\"wpb_wrapper\"><h2 style=\"font-size: 20px;text-align: left;font-family:Source Sans Pro;font-weight:400;font-style:normal\" class=\"vc_custom_heading vc_do_custom_heading\" >Strumenti e Elettronica<\/h2><\/div><\/div><\/div><\/div><div class=\"vc_row wpb_row vc_row-fluid\"><div class=\"wpb_column vc_column_container vc_col-sm-6\"><div class=\"vc_column-inner\"><div class=\"wpb_wrapper\">\n\t<div class=\"wpb_text_column wpb_content_element\" >\n\t\t<div class=\"wpb_wrapper\">\n\t\t\t<ul>\n<li><b>Plotter <\/b><b>Raymarine<\/b><b> C120<\/b><\/li>\n<li><b>2 display Volvo Penta per dati motori<\/b><\/li>\n<li><b>Pilota automatico Garmin<\/b><\/li>\n<li><b>Ecoscandaglio Raymarine ST60+<\/b><\/li>\n<li><b>Manette elettroniche Volvo Penta<\/b><\/li>\n<li><b>Pannello comando centralina EVC Volvo Penta<\/b><\/li>\n<li><b>Comando elica di prua<\/b><\/li>\n<\/ul>\n\n\t\t<\/div>\n\t<\/div>\n<\/div><\/div><\/div><div class=\"wpb_column vc_column_container vc_col-sm-6\"><div class=\"vc_column-inner\"><div class=\"wpb_wrapper\">\n\t<div class=\"wpb_text_column wpb_content_element\" >\n\t\t<div class=\"wpb_wrapper\">\n\t\t\t<ul>\n<li><b>VHF <\/b><b>Raymarine<\/b><b> RAY240E<\/b><\/li>\n<li><b>Bussola Ritchie<\/b><\/li>\n<li><b>Flaps elettro-idraulici<\/b><\/li>\n<li><b>TV Samsung 38\u2019 a scomparsa in <\/b><b>dinette<\/b><\/li>\n<li><b>Antenna satellitare motorizzata (cupola su tetto)<\/b><\/li>\n<li><b>Antenna TV <\/b><b>Glomex<\/b><\/li>\n<\/ul>\n\n\t\t<\/div>\n\t<\/div>\n<\/div><\/div><\/div><\/div><div class=\"vc_row wpb_row vc_row-fluid\"><div class=\"wpb_column vc_column_container vc_col-sm-12\"><div class=\"vc_column-inner\"><div class=\"wpb_wrapper\"><h2 style=\"font-size: 20px;text-align: left;font-family:Source Sans Pro;font-weight:400;font-style:normal\" class=\"vc_custom_heading vc_do_custom_heading\" >Accessori e Sicurezza<\/h2><\/div><\/div><\/div><\/div><div class=\"vc_row wpb_row vc_row-fluid\"><div class=\"wpb_column vc_column_container vc_col-sm-6\"><div class=\"vc_column-inner\"><div class=\"wpb_wrapper\">\n\t<div class=\"wpb_text_column wpb_content_element\" >\n\t\t<div class=\"wpb_wrapper\">\n\t\t\t<ul>\n<li><b>Salpancore<\/b> <b>Lofrans<\/b><b> con tonneggio<\/b><\/li>\n<li><b>Elica di prua a tunnel <\/b><b>Vetus<\/b><\/li>\n<li><b>Ancora Bruce <\/b><\/li>\n<li><b>Copertura della plancia apribile elettricamente<\/b><\/li>\n<li><b>Spiaggetta di poppa<\/b><\/li>\n<li><b>Passerella idraulica <\/b><b>Opacmare<\/b><b> in acciaio e teak<\/b><\/li>\n<\/ul>\n\n\t\t<\/div>\n\t<\/div>\n<\/div><\/div><\/div><div class=\"wpb_column vc_column_container vc_col-sm-6\"><div class=\"vc_column-inner\"><div class=\"wpb_wrapper\">\n\t<div class=\"wpb_text_column wpb_content_element\" >\n\t\t<div class=\"wpb_wrapper\">\n\t\t\t<ul>\n<li><b>Scaletta da bagno a scomparsa su plancetta di poppa<\/b><\/li>\n<li><b>6 bitte ormeggio in inox<\/b><\/li>\n<li><b>50 metri di catena 10 mm<\/b><\/li>\n<li><b>6 Parabordi<\/b><\/li>\n<li><b>2 Cime ormeggio<\/b><\/li>\n<\/ul>\n\n\t\t<\/div>\n\t<\/div>\n<\/div><\/div><\/div><\/div><div class=\"vc_row wpb_row vc_row-fluid\"><div class=\"wpb_column vc_column_container vc_col-sm-12\"><div class=\"vc_column-inner\"><div class=\"wpb_wrapper\"><h2 style=\"font-size: 20px;text-align: left;font-family:Source Sans Pro;font-weight:400;font-style:normal\" class=\"vc_custom_heading vc_do_custom_heading\" >Esterni e Armo<\/h2><\/div><\/div><\/div><\/div><div class=\"vc_row wpb_row vc_row-fluid\"><div class=\"wpb_column vc_column_container vc_col-sm-6\"><div class=\"vc_column-inner\"><div class=\"wpb_wrapper\">\n\t<div class=\"wpb_text_column wpb_content_element\" >\n\t\t<div class=\"wpb_wrapper\">\n\t\t\t<ul>\n<li><b>Pozzetto, spiaggetta e passavanti rivestiti in teak<\/b><\/li>\n<li><b>Prendisole con cuscini a prua con copertura<\/b><\/li>\n<li><b>Divanetto di prua<\/b><\/li>\n<li><b>Divano pozzetto con tavolo in mogano <\/b><\/li>\n<li><b>Ampio locale di stivaggio a poppa<\/b><\/li>\n<\/ul>\n\n\t\t<\/div>\n\t<\/div>\n<\/div><\/div><\/div><div class=\"wpb_column vc_column_container vc_col-sm-6\"><div class=\"vc_column-inner\"><div class=\"wpb_wrapper\">\n\t<div class=\"wpb_text_column wpb_content_element\" >\n\t\t<div class=\"wpb_wrapper\">\n\t\t\t\n\t\t<\/div>\n\t<\/div>\n<\/div><\/div><\/div><\/div>\n<\/div>","protected":false},"excerpt":{"rendered":"Apreamare 48360.000 \u20ac | Campania CantiereApreamarePescaggio1,43 m Anno2006 imm. 2007Colore ScafoBlu DesignVictory DesignBandieraItaliana Lunghezza13,21 mPrezzo\u20ac 360.000 Larghezza4,70 mVisibile a Campania Dislocamento17\/22 ton Download SchedaRichiedi Informazioni Imbarcazione<span class=\"excerpt-hellip\"> [\u2026]<\/span>","protected":false},"author":2,"featured_media":5588,"parent":135,"menu_order":0,"comment_status":"closed","ping_status":"closed","template":"","meta":{"_monsterinsights_skip_tracking":false,"_monsterinsights_sitenote_active":false,"_monsterinsights_sitenote_note":"","_monsterinsights_sitenote_category":0,"footnotes":""},"class_list":["post-5609","page","type-page","status-publish","has-post-thumbnail","hentry"],"_links":{"self":[{"href":"https:\/\/7hyb.it\/en\/wp-json\/wp\/v2\/pages\/5609","targetHints":{"allow":["GET"]}}],"collection":[{"href":"https:\/\/7hyb.it\/en\/wp-json\/wp\/v2\/pages"}],"about":[{"href":"https:\/\/7hyb.it\/en\/wp-json\/wp\/v2\/types\/page"}],"author":[{"embeddable":true,"href":"https:\/\/7hyb.it\/en\/wp-json\/wp\/v2\/users\/2"}],"replies":[{"embeddable":true,"href":"https:\/\/7hyb.it\/en\/wp-json\/wp\/v2\/comments?post=5609"}],"version-history":[{"count":3,"href":"https:\/\/7hyb.it\/en\/wp-json\/wp\/v2\/pages\/5609\/revisions"}],"predecessor-version":[{"id":5619,"href":"https:\/\/7hyb.it\/en\/wp-json\/wp\/v2\/pages\/5609\/revisions\/5619"}],"up":[{"embeddable":true,"href":"https:\/\/7hyb.it\/en\/wp-json\/wp\/v2\/pages\/135"}],"wp:featuredmedia":[{"embeddable":true,"href":"https:\/\/7hyb.it\/en\/wp-json\/wp\/v2\/media\/5588"}],"wp:attachment":[{"href":"https:\/\/7hyb.it\/en\/wp-json\/wp\/v2\/media?parent=5609"}],"curies":[{"name":"wp","href":"https:\/\/api.w.org\/{rel}","templated":true}]}}