{"id":13841,"date":"2026-02-01T15:09:16","date_gmt":"2026-02-01T15:09:16","guid":{"rendered":"https:\/\/7hyb.it\/hanse-470e\/"},"modified":"2026-02-20T18:29:31","modified_gmt":"2026-02-20T18:29:31","slug":"hanse-470e","status":"publish","type":"page","link":"https:\/\/7hyb.it\/en\/hanse-470e\/","title":{"rendered":"Hanse 470e"},"content":{"rendered":"<p>Imbarcazione armatoriale in ottime condizioni e molto ben accessoriata. Configurata in versione tre cabine e due bagni con cabina armatoriale con letto &#8216;alla francese&#8217; e bagno a prua. Molto spazioso il bagno ospiti con box doccia separato. Sono presenti a bordo optionals importanti come il dissalatore, il generatore, i winch primari elettrici, l&#8217;elica di prua e il riscaldamento Webasto.<br \/>\nQuesta barca \u00e8 stata sempre amorevolmente seguita dai suoi armatori e negli ultimi anni sono state effettuate manutenzioni straordinarie come la sostituzione del piede e della membrana del sail-drive, la revisione completa del dissalatore con la sostituzione di pompe e tubature e la sostituzione del timone.<br \/>\nL&#8217;Hanse 470 \u00e8, in rapporto all&#8217;et\u00e0, un progetto molto innovativo che anticipa tutte le tendenze delle barche pi\u00f9 attuali come la poppa aperta con la doppia timoneria e la plancetta di poppa. Molto belli e comodi anche gli interni in ciliegio perfettamente mantenuti.<br \/>\nTante quindi le ragioni per non farsi sfuggire questa barca!<\/p>","protected":false},"excerpt":{"rendered":"<p>Imbarcazione armatoriale in ottime condizioni e molto ben accessoriata. Configurata in versione tre cabine e due bagni con cabina armatoriale con letto &#8216;alla francese&#8217; e bagno<span class=\"excerpt-hellip\"> [\u2026]<\/span><\/p>","protected":false},"author":3,"featured_media":13797,"parent":0,"menu_order":0,"comment_status":"closed","ping_status":"closed","template":"templates\/boat-template.php","meta":{"_monsterinsights_skip_tracking":false,"_monsterinsights_sitenote_active":false,"_monsterinsights_sitenote_note":"","_monsterinsights_sitenote_category":0,"footnotes":""},"class_list":["post-13841","page","type-page","status-publish","has-post-thumbnail","hentry"],"_links":{"self":[{"href":"https:\/\/7hyb.it\/en\/wp-json\/wp\/v2\/pages\/13841","targetHints":{"allow":["GET"]}}],"collection":[{"href":"https:\/\/7hyb.it\/en\/wp-json\/wp\/v2\/pages"}],"about":[{"href":"https:\/\/7hyb.it\/en\/wp-json\/wp\/v2\/types\/page"}],"author":[{"embeddable":true,"href":"https:\/\/7hyb.it\/en\/wp-json\/wp\/v2\/users\/3"}],"replies":[{"embeddable":true,"href":"https:\/\/7hyb.it\/en\/wp-json\/wp\/v2\/comments?post=13841"}],"version-history":[{"count":1,"href":"https:\/\/7hyb.it\/en\/wp-json\/wp\/v2\/pages\/13841\/revisions"}],"predecessor-version":[{"id":13844,"href":"https:\/\/7hyb.it\/en\/wp-json\/wp\/v2\/pages\/13841\/revisions\/13844"}],"wp:featuredmedia":[{"embeddable":true,"href":"https:\/\/7hyb.it\/en\/wp-json\/wp\/v2\/media\/13797"}],"wp:attachment":[{"href":"https:\/\/7hyb.it\/en\/wp-json\/wp\/v2\/media?parent=13841"}],"curies":[{"name":"wp","href":"https:\/\/api.w.org\/{rel}","templated":true}]}}