{"id":11851,"date":"2025-11-08T13:19:09","date_gmt":"2025-11-08T13:19:09","guid":{"rendered":"https:\/\/7hyb.it\/grand-soleil-343\/"},"modified":"2026-01-31T12:17:40","modified_gmt":"2026-01-31T12:17:40","slug":"grand-soleil-343","status":"publish","type":"page","link":"https:\/\/7hyb.it\/en\/grand-soleil-343\/","title":{"rendered":"Grand Soleil 343"},"content":{"rendered":"<p>Imbarcazione armatoriale in buone condizioni generali.<\/p>\n<p>Gli interni disegnati da Patrick Roseo e realizzati dai maestri d\u2019ascia del CdP in splendido massello di teak sono molto belli e ben conservati. Le tappezzerie originali sono anch\u2019esse in condizioni fuori dal comune.<\/p>\n<p>Sei un amante del Grand Soleil 343 e ne vuoi uno ben manutenuto ad un prezzo \u00abgiusto\u00bb? Allor a Peter Pan \u00e8 l\u2019imbarcazione che fa per te!<\/p>\n<p>Il Grand Soleil 343 \u00e8 uno dei modelli pi\u00f9 riusciti del Cantiere di Forl\u00ec, e rappresenta ancora  oggi una barca veramente di culto.<\/p>","protected":false},"excerpt":{"rendered":"<p>Imbarcazione armatoriale in buone condizioni generali. Gli interni disegnati da Patrick Roseo e realizzati dai maestri d\u2019ascia del CdP in splendido massello di teak sono molto<span class=\"excerpt-hellip\"> [\u2026]<\/span><\/p>","protected":false},"author":3,"featured_media":12210,"parent":0,"menu_order":0,"comment_status":"closed","ping_status":"closed","template":"templates\/boat-template.php","meta":{"_monsterinsights_skip_tracking":false,"_monsterinsights_sitenote_active":false,"_monsterinsights_sitenote_note":"","_monsterinsights_sitenote_category":0,"footnotes":""},"class_list":["post-11851","page","type-page","status-publish","has-post-thumbnail","hentry"],"_links":{"self":[{"href":"https:\/\/7hyb.it\/en\/wp-json\/wp\/v2\/pages\/11851","targetHints":{"allow":["GET"]}}],"collection":[{"href":"https:\/\/7hyb.it\/en\/wp-json\/wp\/v2\/pages"}],"about":[{"href":"https:\/\/7hyb.it\/en\/wp-json\/wp\/v2\/types\/page"}],"author":[{"embeddable":true,"href":"https:\/\/7hyb.it\/en\/wp-json\/wp\/v2\/users\/3"}],"replies":[{"embeddable":true,"href":"https:\/\/7hyb.it\/en\/wp-json\/wp\/v2\/comments?post=11851"}],"version-history":[{"count":1,"href":"https:\/\/7hyb.it\/en\/wp-json\/wp\/v2\/pages\/11851\/revisions"}],"predecessor-version":[{"id":12241,"href":"https:\/\/7hyb.it\/en\/wp-json\/wp\/v2\/pages\/11851\/revisions\/12241"}],"wp:featuredmedia":[{"embeddable":true,"href":"https:\/\/7hyb.it\/en\/wp-json\/wp\/v2\/media\/12210"}],"wp:attachment":[{"href":"https:\/\/7hyb.it\/en\/wp-json\/wp\/v2\/media?parent=11851"}],"curies":[{"name":"wp","href":"https:\/\/api.w.org\/{rel}","templated":true}]}}