{"id":11489,"date":"2025-10-14T14:45:55","date_gmt":"2025-10-14T14:45:55","guid":{"rendered":"https:\/\/7hyb.it\/apreamare-48\/"},"modified":"2026-01-05T17:02:55","modified_gmt":"2026-01-05T17:02:55","slug":"apreamare-48","status":"publish","type":"page","link":"https:\/\/7hyb.it\/en\/apreamare-48\/","title":{"rendered":"Apreamare 48"},"content":{"rendered":"<p>Imbarcazione unipro sempre seguita e manutenuta dal suo proprietario.  Versione 3 cabine e due bagni, con la armatoriale a prua e il bagno en suite. Il comfort a bordo \u00e8 assicurato dalla climatizzazione caldo\/freddo con compressore in sala macchine e  fan coil in ogni cabina e dal generatore Mase. Iconica la distribuzione degli spazi esterni, con l\u2019armonia del divano e del prendisole a prua e l\u2019ampiezza del pozzetto a poppa circondato dal sinuoso divano.<\/p>\n<p>Ben equipaggiata con i suoi due motori Volvo Penta D9 575, risulta facile da condurre grazie alle manette elettroniche e all\u2019elica di prua. Proverbiale la tenuta di mare di questa celebratissima carena che supera con facilit\u00e0 i 30 nodi e plana gi\u00e0 intorno ai 15, con una velocit\u00e0 di crociera oltre i 20.<\/p>\n<p>L\u2019imbarcazione si presenta in condizioni eccellenti e rappresenta una autentica occasione.<\/p>","protected":false},"excerpt":{"rendered":"<p>Imbarcazione unipro sempre seguita e manutenuta dal suo proprietario. Versione 3 cabine e due bagni, con la armatoriale a prua e il bagno en suite. Il<span class=\"excerpt-hellip\"> [\u2026]<\/span><\/p>","protected":false},"author":3,"featured_media":12856,"parent":0,"menu_order":0,"comment_status":"closed","ping_status":"closed","template":"templates\/boat-template.php","meta":{"_monsterinsights_skip_tracking":false,"_monsterinsights_sitenote_active":false,"_monsterinsights_sitenote_note":"","_monsterinsights_sitenote_category":0,"footnotes":""},"class_list":["post-11489","page","type-page","status-publish","has-post-thumbnail","hentry"],"_links":{"self":[{"href":"https:\/\/7hyb.it\/en\/wp-json\/wp\/v2\/pages\/11489","targetHints":{"allow":["GET"]}}],"collection":[{"href":"https:\/\/7hyb.it\/en\/wp-json\/wp\/v2\/pages"}],"about":[{"href":"https:\/\/7hyb.it\/en\/wp-json\/wp\/v2\/types\/page"}],"author":[{"embeddable":true,"href":"https:\/\/7hyb.it\/en\/wp-json\/wp\/v2\/users\/3"}],"replies":[{"embeddable":true,"href":"https:\/\/7hyb.it\/en\/wp-json\/wp\/v2\/comments?post=11489"}],"version-history":[{"count":1,"href":"https:\/\/7hyb.it\/en\/wp-json\/wp\/v2\/pages\/11489\/revisions"}],"predecessor-version":[{"id":12883,"href":"https:\/\/7hyb.it\/en\/wp-json\/wp\/v2\/pages\/11489\/revisions\/12883"}],"wp:featuredmedia":[{"embeddable":true,"href":"https:\/\/7hyb.it\/en\/wp-json\/wp\/v2\/media\/12856"}],"wp:attachment":[{"href":"https:\/\/7hyb.it\/en\/wp-json\/wp\/v2\/media?parent=11489"}],"curies":[{"name":"wp","href":"https:\/\/api.w.org\/{rel}","templated":true}]}}