{"id":11407,"date":"2025-10-11T17:42:23","date_gmt":"2025-10-11T17:42:23","guid":{"rendered":"https:\/\/7hyb.it\/beneteau-swift-trawler-30\/"},"modified":"2026-01-27T17:57:45","modified_gmt":"2026-01-27T17:57:45","slug":"beneteau-swift-trawler-30","status":"publish","type":"page","link":"https:\/\/7hyb.it\/en\/beneteau-swift-trawler-30\/","title":{"rendered":"Beneteau Swift Trawler 30"},"content":{"rendered":"<p>Imbarcazione armatoriale unipro in condizioni eccellenti, configurata in versione due cabine con armatoriale a prua e seconda cabina con  letto a castello.<\/p>\n<p>\u00c8 possibile il subentro in un ottimo leasing a tasso fisso.<\/p>\n<p>La barca \u00e8 stata equipaggiata al top: il comfort di bordo \u00e8 assicurato dall\u2019aria condizionata calda\/fredda (due macchine), bagno elettrico, TV, un potente inverter e tanto altro. Sul fronte tecnico nulla \u00e8 lasciato al caso: tra le dotazioni pi\u00f9 importanti spiccano le eliche di manovra di prua e di poppa, il generatore da 7,5 Kw, i flaps elettrici, la completissima strumentazione elettronica Raymarine ripetuta in plancia e sul fly.<\/p>\n<p>Pur essendo il modello entry level della gamma il piccolo Trawler di casa Beneteau  ha tutte le carte in regola per essere una \u2018\u2019grande\u2018\u2019 barca.<\/p>\n<p>La contraddistinguono una grande autonomia (circa 200 miglia a 15 nodi) e la estrema economicit\u00e0 di gestione. L\u2019abitabilit\u00e0 \u00e8 di categoria superiore grazie alla modularit\u00e0 degli arredi che consentono alla luminosissima dinette di aprirsi su una piattaforma sul mare di ben 5m\u00b2. Completa questo piccolo capolavoro un un fly-bridge funzionale e organizzatissimo.<\/p>","protected":false},"excerpt":{"rendered":"<p>Imbarcazione armatoriale unipro in condizioni eccellenti, configurata in versione due cabine con armatoriale a prua e seconda cabina con letto a castello. \u00c8 possibile il subentro<span class=\"excerpt-hellip\"> [\u2026]<\/span><\/p>","protected":false},"author":3,"featured_media":12602,"parent":0,"menu_order":0,"comment_status":"closed","ping_status":"closed","template":"templates\/boat-template.php","meta":{"_monsterinsights_skip_tracking":false,"_monsterinsights_sitenote_active":false,"_monsterinsights_sitenote_note":"","_monsterinsights_sitenote_category":0,"footnotes":""},"class_list":["post-11407","page","type-page","status-publish","has-post-thumbnail","hentry"],"_links":{"self":[{"href":"https:\/\/7hyb.it\/en\/wp-json\/wp\/v2\/pages\/11407","targetHints":{"allow":["GET"]}}],"collection":[{"href":"https:\/\/7hyb.it\/en\/wp-json\/wp\/v2\/pages"}],"about":[{"href":"https:\/\/7hyb.it\/en\/wp-json\/wp\/v2\/types\/page"}],"author":[{"embeddable":true,"href":"https:\/\/7hyb.it\/en\/wp-json\/wp\/v2\/users\/3"}],"replies":[{"embeddable":true,"href":"https:\/\/7hyb.it\/en\/wp-json\/wp\/v2\/comments?post=11407"}],"version-history":[{"count":2,"href":"https:\/\/7hyb.it\/en\/wp-json\/wp\/v2\/pages\/11407\/revisions"}],"predecessor-version":[{"id":13786,"href":"https:\/\/7hyb.it\/en\/wp-json\/wp\/v2\/pages\/11407\/revisions\/13786"}],"wp:featuredmedia":[{"embeddable":true,"href":"https:\/\/7hyb.it\/en\/wp-json\/wp\/v2\/media\/12602"}],"wp:attachment":[{"href":"https:\/\/7hyb.it\/en\/wp-json\/wp\/v2\/media?parent=11407"}],"curies":[{"name":"wp","href":"https:\/\/api.w.org\/{rel}","templated":true}]}}